{"id":34025,"date":"2018-11-10T16:22:40","date_gmt":"2018-11-10T15:22:40","guid":{"rendered":"https:\/\/www.onlinejazyky.cz\/info\/?post_type=product&#038;p=34025"},"modified":"2024-03-27T15:49:35","modified_gmt":"2024-03-27T14:49:35","slug":"anglictina-predplatne-trial-14","status":"publish","type":"product","link":"https:\/\/www.onlinejazyky.cz\/info\/produkt\/anglictina-predplatne-trial-14\/","title":{"rendered":"Angli\u010dtina p\u0159edplatn\u00e9 na 14 dn\u00ed za 1 K\u010d (pot\u00e9 299 K\u010d\/m\u011bs\u00edc)"},"content":{"rendered":"\n\n\n\n\n\n\n\n\n\n[et_pb_section admin_label=&#8220;section&#8220;]\n\t\t[et_pb_row admin_label=&#8220;row&#8220;]\n\t\t\t[et_pb_column type=&#8220;4_4&#8243;][\/et_pb_column]\n\t\t[\/et_pb_row]\n\t[\/et_pb_section]\n\n\n\n\n\n\n\n\n\n","protected":false},"excerpt":{"rendered":"","protected":false},"featured_media":43665,"template":"","meta":{"_et_pb_use_builder":"on","_et_pb_old_content":"","_et_gb_content_width":""},"yoast_head":"<!-- This site is optimized with the Yoast SEO plugin v14.9 - https:\/\/yoast.com\/wordpress\/plugins\/seo\/ -->\n<title>Angli\u010dtina p\u0159edplatn\u00e9 na 14 dn\u00ed za 1 K\u010d (pot\u00e9 299 K\u010d\/m\u011bs\u00edc) - onlinejazyky.cz<\/title>\n<meta name=\"robots\" content=\"noindex, follow\" \/>\n<meta property=\"og:locale\" content=\"cs_CZ\" \/>\n<meta property=\"og:type\" content=\"article\" \/>\n<meta property=\"og:title\" content=\"Angli\u010dtina p\u0159edplatn\u00e9 na 14 dn\u00ed za 1 K\u010d (pot\u00e9 299 K\u010d\/m\u011bs\u00edc) - onlinejazyky.cz\" \/>\n<meta property=\"og:url\" content=\"https:\/\/www.onlinejazyky.cz\/info\/produkt\/anglictina-predplatne-trial-14\/\" \/>\n<meta property=\"og:site_name\" content=\"onlinejazyky.cz\" \/>\n<meta property=\"article:modified_time\" content=\"2024-03-27T14:49:35+00:00\" \/>\n<meta property=\"og:image\" content=\"https:\/\/www.onlinejazyky.cz\/info\/wp-content\/uploads\/2019\/05\/OJ_lang-box-predplatne-AJ-2-300x244-2.png\" \/>\n\t<meta property=\"og:image:width\" content=\"300\" \/>\n\t<meta property=\"og:image:height\" content=\"244\" \/>\n<meta name=\"twitter:card\" content=\"summary\" \/>\n<script type=\"application\/ld+json\" class=\"yoast-schema-graph\">{\"@context\":\"https:\/\/schema.org\",\"@graph\":[{\"@type\":\"WebSite\",\"@id\":\"https:\/\/www.onlinejazyky.cz\/info\/#website\",\"url\":\"https:\/\/www.onlinejazyky.cz\/info\/\",\"name\":\"onlinejazyky.cz\",\"description\":\"\",\"potentialAction\":[{\"@type\":\"SearchAction\",\"target\":\"https:\/\/www.onlinejazyky.cz\/info\/?s={search_term_string}\",\"query-input\":\"required name=search_term_string\"}],\"inLanguage\":\"cs\"},{\"@type\":\"ImageObject\",\"@id\":\"https:\/\/www.onlinejazyky.cz\/info\/produkt\/anglictina-predplatne-trial-14\/#primaryimage\",\"inLanguage\":\"cs\",\"url\":\"https:\/\/www.onlinejazyky.cz\/info\/wp-content\/uploads\/2019\/05\/OJ_lang-box-predplatne-AJ-2-300x244-2.png\",\"width\":300,\"height\":244},{\"@type\":\"WebPage\",\"@id\":\"https:\/\/www.onlinejazyky.cz\/info\/produkt\/anglictina-predplatne-trial-14\/#webpage\",\"url\":\"https:\/\/www.onlinejazyky.cz\/info\/produkt\/anglictina-predplatne-trial-14\/\",\"name\":\"Angli\\u010dtina p\\u0159edplatn\\u00e9 na 14 dn\\u00ed za 1 K\\u010d (pot\\u00e9 299 K\\u010d\/m\\u011bs\\u00edc) - onlinejazyky.cz\",\"isPartOf\":{\"@id\":\"https:\/\/www.onlinejazyky.cz\/info\/#website\"},\"primaryImageOfPage\":{\"@id\":\"https:\/\/www.onlinejazyky.cz\/info\/produkt\/anglictina-predplatne-trial-14\/#primaryimage\"},\"datePublished\":\"2018-11-10T15:22:40+00:00\",\"dateModified\":\"2024-03-27T14:49:35+00:00\",\"inLanguage\":\"cs\",\"potentialAction\":[{\"@type\":\"ReadAction\",\"target\":[\"https:\/\/www.onlinejazyky.cz\/info\/produkt\/anglictina-predplatne-trial-14\/\"]}]}]}<\/script>\n<!-- \/ Yoast SEO plugin. -->","_links":{"self":[{"href":"https:\/\/www.onlinejazyky.cz\/info\/wp-json\/wp\/v2\/product\/34025"}],"collection":[{"href":"https:\/\/www.onlinejazyky.cz\/info\/wp-json\/wp\/v2\/product"}],"about":[{"href":"https:\/\/www.onlinejazyky.cz\/info\/wp-json\/wp\/v2\/types\/product"}],"wp:featuredmedia":[{"embeddable":true,"href":"https:\/\/www.onlinejazyky.cz\/info\/wp-json\/wp\/v2\/media\/43665"}],"wp:attachment":[{"href":"https:\/\/www.onlinejazyky.cz\/info\/wp-json\/wp\/v2\/media?parent=34025"}],"curies":[{"name":"wp","href":"https:\/\/api.w.org\/{rel}","templated":true}]}}