{"id":291489,"date":"2020-08-28T13:55:22","date_gmt":"2020-08-28T11:55:22","guid":{"rendered":"https:\/\/www.onlinejazyky.cz\/info\/?post_type=product&#038;p=291489"},"modified":"2020-08-28T13:56:05","modified_gmt":"2020-08-28T11:56:05","slug":"nj-slovicka-pro-it-b1","status":"publish","type":"product","link":"https:\/\/www.onlinejazyky.cz\/info\/produkt\/nj-slovicka-pro-it-b1\/","title":{"rendered":"NJ &#8211; Slov\u00ed\u010dka pro IT B1"},"content":{"rendered":"","protected":false},"excerpt":{"rendered":"<p>Nejste si jisti, jak si v\u00a0angli\u010dtin\u011b objednat j\u00eddlo nebo po\u017e\u00e1dat prodava\u010dku o\u00a0jinou velikost kalhot? Nau\u010dte se zvl\u00e1dat tyto situace s\u00a0p\u0159ehledem d\u00edky kurzu Angli\u010dtina pro za\u010d\u00e1te\u010dn\u00edky A1+.\u00a0<strong>Povedeme v\u00e1s angli\u010dtinou<\/strong>\u00a0nenucen\u011b a\u00a0efektivn\u011b. Ji\u017e brzy pro v\u00e1s tyto situace nebudou p\u0159ek\u00e1\u017ekou. Kurz obsahuje 6+1 tematick\u00fdch kapitol studia, ve kter\u00fdch se nau\u010d\u00edte nap\u0159\u00edklad\u00a0<strong>vypr\u00e1v\u011bt o\u00a0z\u00e1\u017eitc\u00edch z\u00a0dovolen\u00e9, objednat si j\u00eddlo \u010di po\u017e\u00e1dat prodava\u010dku o\u00a0pomoc<\/strong>. Jestli\u017ee se odhadnete nespr\u00e1vn\u011b a\u00a0n\u00e1pl\u0148 kurzu v\u00e1m nebude vyhovovat, m\u016f\u017eete si do 14 dn\u016f vybrat jin\u00fd kurz nebo po\u017e\u00e1dat o\u00a0vr\u00e1cen\u00ed pen\u011bz.\u00a0<strong>Nic neriskujete<\/strong>, nev\u00e1hejte a\u00a0zkuste to.<\/p>\n","protected":false},"featured_media":271260,"template":"","meta":{"_et_pb_use_builder":"on","_et_pb_old_content":"","_et_gb_content_width":""},"yoast_head":"<!-- This site is optimized with the Yoast SEO plugin v14.9 - https:\/\/yoast.com\/wordpress\/plugins\/seo\/ -->\n<title>NJ - Slov\u00ed\u010dka pro IT B1 - onlinejazyky.cz<\/title>\n<meta name=\"robots\" content=\"index, follow, max-snippet:-1, max-image-preview:large, max-video-preview:-1\" \/>\n<link rel=\"canonical\" href=\"https:\/\/www.onlinejazyky.cz\/info\/produkt\/nj-slovicka-pro-it-b1\/\" \/>\n<meta property=\"og:locale\" content=\"cs_CZ\" \/>\n<meta property=\"og:type\" content=\"article\" \/>\n<meta property=\"og:title\" content=\"NJ - Slov\u00ed\u010dka pro IT B1 - onlinejazyky.cz\" \/>\n<meta property=\"og:description\" content=\"Nejste si jisti, jak si v\u00a0angli\u010dtin\u011b objednat j\u00eddlo nebo po\u017e\u00e1dat prodava\u010dku o\u00a0jinou velikost kalhot? Nau\u010dte se zvl\u00e1dat tyto situace s\u00a0p\u0159ehledem d\u00edky kurzu Angli\u010dtina pro za\u010d\u00e1te\u010dn\u00edky A1+.\u00a0Povedeme v\u00e1s angli\u010dtinou\u00a0nenucen\u011b a\u00a0efektivn\u011b. Ji\u017e brzy pro v\u00e1s tyto situace nebudou p\u0159ek\u00e1\u017ekou. Kurz obsahuje 6+1 tematick\u00fdch kapitol studia, ve kter\u00fdch se nau\u010d\u00edte nap\u0159\u00edklad\u00a0vypr\u00e1v\u011bt o\u00a0z\u00e1\u017eitc\u00edch z\u00a0dovolen\u00e9, objednat si j\u00eddlo \u010di po\u017e\u00e1dat prodava\u010dku o\u00a0pomoc. Jestli\u017ee se odhadnete nespr\u00e1vn\u011b a\u00a0n\u00e1pl\u0148 kurzu v\u00e1m nebude vyhovovat, m\u016f\u017eete si do 14 dn\u016f vybrat jin\u00fd kurz nebo po\u017e\u00e1dat o\u00a0vr\u00e1cen\u00ed pen\u011bz.\u00a0Nic neriskujete, nev\u00e1hejte a\u00a0zkuste to.\" \/>\n<meta property=\"og:url\" content=\"https:\/\/www.onlinejazyky.cz\/info\/produkt\/nj-slovicka-pro-it-b1\/\" \/>\n<meta property=\"og:site_name\" content=\"onlinejazyky.cz\" \/>\n<meta property=\"article:modified_time\" content=\"2020-08-28T11:56:05+00:00\" \/>\n<meta property=\"og:image\" content=\"https:\/\/www.onlinejazyky.cz\/info\/wp-content\/uploads\/2020\/06\/234-anglictina-pro-zacatecniky-a1.png\" \/>\n\t<meta property=\"og:image:width\" content=\"700\" \/>\n\t<meta property=\"og:image:height\" content=\"600\" \/>\n<meta name=\"twitter:card\" content=\"summary\" \/>\n<script type=\"application\/ld+json\" class=\"yoast-schema-graph\">{\"@context\":\"https:\/\/schema.org\",\"@graph\":[{\"@type\":\"WebSite\",\"@id\":\"https:\/\/www.onlinejazyky.cz\/info\/#website\",\"url\":\"https:\/\/www.onlinejazyky.cz\/info\/\",\"name\":\"onlinejazyky.cz\",\"description\":\"\",\"potentialAction\":[{\"@type\":\"SearchAction\",\"target\":\"https:\/\/www.onlinejazyky.cz\/info\/?s={search_term_string}\",\"query-input\":\"required name=search_term_string\"}],\"inLanguage\":\"cs\"},{\"@type\":\"ImageObject\",\"@id\":\"https:\/\/www.onlinejazyky.cz\/info\/produkt\/nj-slovicka-pro-it-b1\/#primaryimage\",\"inLanguage\":\"cs\",\"url\":\"https:\/\/www.onlinejazyky.cz\/info\/wp-content\/uploads\/2020\/06\/234-anglictina-pro-zacatecniky-a1.png\",\"width\":700,\"height\":600},{\"@type\":\"WebPage\",\"@id\":\"https:\/\/www.onlinejazyky.cz\/info\/produkt\/nj-slovicka-pro-it-b1\/#webpage\",\"url\":\"https:\/\/www.onlinejazyky.cz\/info\/produkt\/nj-slovicka-pro-it-b1\/\",\"name\":\"NJ - Slov\\u00ed\\u010dka pro IT B1 - onlinejazyky.cz\",\"isPartOf\":{\"@id\":\"https:\/\/www.onlinejazyky.cz\/info\/#website\"},\"primaryImageOfPage\":{\"@id\":\"https:\/\/www.onlinejazyky.cz\/info\/produkt\/nj-slovicka-pro-it-b1\/#primaryimage\"},\"datePublished\":\"2020-08-28T11:55:22+00:00\",\"dateModified\":\"2020-08-28T11:56:05+00:00\",\"inLanguage\":\"cs\",\"potentialAction\":[{\"@type\":\"ReadAction\",\"target\":[\"https:\/\/www.onlinejazyky.cz\/info\/produkt\/nj-slovicka-pro-it-b1\/\"]}]}]}<\/script>\n<!-- \/ Yoast SEO plugin. -->","_links":{"self":[{"href":"https:\/\/www.onlinejazyky.cz\/info\/wp-json\/wp\/v2\/product\/291489"}],"collection":[{"href":"https:\/\/www.onlinejazyky.cz\/info\/wp-json\/wp\/v2\/product"}],"about":[{"href":"https:\/\/www.onlinejazyky.cz\/info\/wp-json\/wp\/v2\/types\/product"}],"wp:featuredmedia":[{"embeddable":true,"href":"https:\/\/www.onlinejazyky.cz\/info\/wp-json\/wp\/v2\/media\/271260"}],"wp:attachment":[{"href":"https:\/\/www.onlinejazyky.cz\/info\/wp-json\/wp\/v2\/media?parent=291489"}],"curies":[{"name":"wp","href":"https:\/\/api.w.org\/{rel}","templated":true}]}}