{"id":270445,"date":"2020-06-17T23:35:12","date_gmt":"2020-06-17T21:35:12","guid":{"rendered":"https:\/\/www.onlinejazyky.cz\/info\/?post_type=product&#038;p=270445"},"modified":"2020-09-14T18:47:15","modified_gmt":"2020-09-14T16:47:15","slug":"anglictina-pro-zacatecniky-a1-minus","status":"publish","type":"product","link":"https:\/\/www.onlinejazyky.cz\/info\/produkt\/anglictina-pro-zacatecniky-a1-minus\/","title":{"rendered":"ANGLI\u010cTINA PRO ZA\u010c\u00c1TE\u010cN\u00cdKY A1-"},"content":{"rendered":"","protected":false},"excerpt":{"rendered":"<p>Za\u010dn\u011bte od z\u00e1klad\u016f, pokra\u010dujte a\u00a0u\u017e nep\u0159esta\u0148te.\u00a0<strong>Povedeme v\u00e1s angli\u010dtinou<\/strong>\u00a0nenucen\u011b a\u00a0efektivn\u011b. Ji\u017e brzy porozum\u00edte b\u011b\u017en\u00fdm v\u00fdraz\u016fm a\u00a0fr\u00e1z\u00edm. Kurz obsahuje 6+1 tematick\u00fdch kapitol studia, ve kter\u00fdch se krom\u011b z\u00e1kladn\u00edch komunika\u010dn\u00edch obrat\u016f nau\u010d\u00edte nap\u0159\u00edklad\u00a0<strong>p\u0159edstavit se, koupit si l\u00edstky na vlak \u010di mluvit o\u00a0sv\u00fdch volno\u010dasov\u00fdch aktivit\u00e1ch<\/strong>. Jestli\u017ee se odhadnete nespr\u00e1vn\u011b a\u00a0n\u00e1pl\u0148 kurzu v\u00e1m nebude vyhovovat, m\u016f\u017eete si do 14 dn\u016f vybrat jin\u00fd kurz nebo po\u017e\u00e1dat o\u00a0vr\u00e1cen\u00ed pen\u011bz.\u00a0<strong>Nic neriskujete<\/strong>, nev\u00e1hejte a\u00a0zkuste to.<\/p>\n","protected":false},"featured_media":271217,"template":"","meta":{"_et_pb_use_builder":"on","_et_pb_old_content":"","_et_gb_content_width":""},"yoast_head":"<!-- This site is optimized with the Yoast SEO plugin v14.9 - https:\/\/yoast.com\/wordpress\/plugins\/seo\/ -->\n<title>ANGLI\u010cTINA PRO ZA\u010c\u00c1TE\u010cN\u00cdKY A1- onlinejazyky.cz<\/title>\n<meta name=\"robots\" content=\"index, follow, max-snippet:-1, max-image-preview:large, max-video-preview:-1\" \/>\n<link rel=\"canonical\" href=\"https:\/\/www.onlinejazyky.cz\/info\/produkt\/anglictina-pro-zacatecniky-a1-minus\/\" \/>\n<meta property=\"og:locale\" content=\"cs_CZ\" \/>\n<meta property=\"og:type\" content=\"article\" \/>\n<meta property=\"og:title\" content=\"ANGLI\u010cTINA PRO ZA\u010c\u00c1TE\u010cN\u00cdKY A1- onlinejazyky.cz\" \/>\n<meta property=\"og:description\" content=\"Za\u010dn\u011bte od z\u00e1klad\u016f, pokra\u010dujte a\u00a0u\u017e nep\u0159esta\u0148te.\u00a0Povedeme v\u00e1s angli\u010dtinou\u00a0nenucen\u011b a\u00a0efektivn\u011b. Ji\u017e brzy porozum\u00edte b\u011b\u017en\u00fdm v\u00fdraz\u016fm a\u00a0fr\u00e1z\u00edm. Kurz obsahuje 6+1 tematick\u00fdch kapitol studia, ve kter\u00fdch se krom\u011b z\u00e1kladn\u00edch komunika\u010dn\u00edch obrat\u016f nau\u010d\u00edte nap\u0159\u00edklad\u00a0p\u0159edstavit se, koupit si l\u00edstky na vlak \u010di mluvit o\u00a0sv\u00fdch volno\u010dasov\u00fdch aktivit\u00e1ch. Jestli\u017ee se odhadnete nespr\u00e1vn\u011b a\u00a0n\u00e1pl\u0148 kurzu v\u00e1m nebude vyhovovat, m\u016f\u017eete si do 14 dn\u016f vybrat jin\u00fd kurz nebo po\u017e\u00e1dat o\u00a0vr\u00e1cen\u00ed pen\u011bz.\u00a0Nic neriskujete, nev\u00e1hejte a\u00a0zkuste to.\" \/>\n<meta property=\"og:url\" content=\"https:\/\/www.onlinejazyky.cz\/info\/produkt\/anglictina-pro-zacatecniky-a1-minus\/\" \/>\n<meta property=\"og:site_name\" content=\"onlinejazyky.cz\" \/>\n<meta property=\"article:modified_time\" content=\"2020-09-14T16:47:15+00:00\" \/>\n<meta property=\"og:image\" content=\"https:\/\/www.onlinejazyky.cz\/info\/wp-content\/uploads\/2020\/06\/231-anglictina-pro-zacatecniky-a1.png\" \/>\n\t<meta property=\"og:image:width\" content=\"700\" \/>\n\t<meta property=\"og:image:height\" content=\"600\" \/>\n<meta name=\"twitter:card\" content=\"summary\" \/>\n<script type=\"application\/ld+json\" class=\"yoast-schema-graph\">{\"@context\":\"https:\/\/schema.org\",\"@graph\":[{\"@type\":\"WebSite\",\"@id\":\"https:\/\/www.onlinejazyky.cz\/info\/#website\",\"url\":\"https:\/\/www.onlinejazyky.cz\/info\/\",\"name\":\"onlinejazyky.cz\",\"description\":\"\",\"potentialAction\":[{\"@type\":\"SearchAction\",\"target\":\"https:\/\/www.onlinejazyky.cz\/info\/?s={search_term_string}\",\"query-input\":\"required name=search_term_string\"}],\"inLanguage\":\"cs\"},{\"@type\":\"ImageObject\",\"@id\":\"https:\/\/www.onlinejazyky.cz\/info\/produkt\/anglictina-pro-zacatecniky-a1-minus\/#primaryimage\",\"inLanguage\":\"cs\",\"url\":\"https:\/\/www.onlinejazyky.cz\/info\/wp-content\/uploads\/2020\/06\/231-anglictina-pro-zacatecniky-a1.png\",\"width\":700,\"height\":600},{\"@type\":\"WebPage\",\"@id\":\"https:\/\/www.onlinejazyky.cz\/info\/produkt\/anglictina-pro-zacatecniky-a1-minus\/#webpage\",\"url\":\"https:\/\/www.onlinejazyky.cz\/info\/produkt\/anglictina-pro-zacatecniky-a1-minus\/\",\"name\":\"ANGLI\\u010cTINA PRO ZA\\u010c\\u00c1TE\\u010cN\\u00cdKY A1- onlinejazyky.cz\",\"isPartOf\":{\"@id\":\"https:\/\/www.onlinejazyky.cz\/info\/#website\"},\"primaryImageOfPage\":{\"@id\":\"https:\/\/www.onlinejazyky.cz\/info\/produkt\/anglictina-pro-zacatecniky-a1-minus\/#primaryimage\"},\"datePublished\":\"2020-06-17T21:35:12+00:00\",\"dateModified\":\"2020-09-14T16:47:15+00:00\",\"inLanguage\":\"cs\",\"potentialAction\":[{\"@type\":\"ReadAction\",\"target\":[\"https:\/\/www.onlinejazyky.cz\/info\/produkt\/anglictina-pro-zacatecniky-a1-minus\/\"]}]}]}<\/script>\n<!-- \/ Yoast SEO plugin. -->","_links":{"self":[{"href":"https:\/\/www.onlinejazyky.cz\/info\/wp-json\/wp\/v2\/product\/270445"}],"collection":[{"href":"https:\/\/www.onlinejazyky.cz\/info\/wp-json\/wp\/v2\/product"}],"about":[{"href":"https:\/\/www.onlinejazyky.cz\/info\/wp-json\/wp\/v2\/types\/product"}],"wp:featuredmedia":[{"embeddable":true,"href":"https:\/\/www.onlinejazyky.cz\/info\/wp-json\/wp\/v2\/media\/271217"}],"wp:attachment":[{"href":"https:\/\/www.onlinejazyky.cz\/info\/wp-json\/wp\/v2\/media?parent=270445"}],"curies":[{"name":"wp","href":"https:\/\/api.w.org\/{rel}","templated":true}]}}