{"id":43593,"date":"2019-10-26T08:23:39","date_gmt":"2019-10-26T06:23:39","guid":{"rendered":"https:\/\/www.onlinejazyky.cz\/info\/?page_id=43593"},"modified":"2020-04-13T10:51:10","modified_gmt":"2020-04-13T08:51:10","slug":"jazykove-skoly","status":"publish","type":"page","link":"https:\/\/www.onlinejazyky.cz\/info\/jazykove-skoly\/","title":{"rendered":"OJ &#8211; Pro jazykov\u00e9 \u0161koly"},"content":{"rendered":"<p>[et_pb_section fb_built=&#8220;1&#8243; custom_padding_last_edited=&#8220;on|desktop&#8220; next_background_color=&#8220;#F2F2FA&#8220; admin_label=&#8220;Header&#8220; _builder_version=&#8220;3.22.2&#8243; use_background_color_gradient=&#8220;on&#8220; background_color_gradient_start=&#8220;rgba(0,149,218,0.82)&#8220; background_color_gradient_end=&#8220;#0280c9&#8243; background_color_gradient_direction=&#8220;130deg&#8220; background_color_gradient_start_position=&#8220;25%&#8220; background_image=&#8220;https:\/\/www.onlinejazyky.cz\/info\/wp-content\/uploads\/2019\/05\/bg_footer.png&#8220; parallax=&#8220;on&#8220; custom_padding=&#8220;7vw||8vw||false|false&#8220; custom_padding_tablet=&#8220;100px||100px||true&#8220; custom_padding_phone=&#8220;||||true&#8220; bottom_divider_style=&#8220;ramp2&#8243; bottom_divider_height=&#8220;250px&#8220; bottom_divider_flip=&#8220;horizontal&#8220; bottom_divider_height_tablet=&#8220;150px&#8220; bottom_divider_height_phone=&#8220;110px&#8220; bottom_divider_height_last_edited=&#8220;on|phone&#8220; saved_tabs=&#8220;all&#8220;][et_pb_row _builder_version=&#8220;3.22&#8243;][et_pb_column type=&#8220;4_4&#8243; _builder_version=&#8220;3.0.47&#8243;][et_pb_text _builder_version=&#8220;3.22.2&#8243; text_font=&#8220;Roboto||||||||&#8220; text_font_size=&#8220;16px&#8220; text_font_size_last_edited=&#8220;off|desktop&#8220; text_line_height=&#8220;1.8em&#8220; header_font=&#8220;Roboto|700|||||||&#8220; header_text_align=&#8220;center&#8220; header_font_size=&#8220;80px&#8220; header_font_size_tablet=&#8220;40px&#8220; header_font_size_phone=&#8220;32px&#8220; header_font_size_last_edited=&#8220;on|phone&#8220; header_line_height=&#8220;1.2em&#8220; header_3_font=&#8220;Roboto|700||on|||||&#8220; header_3_text_align=&#8220;center&#8220; header_3_text_color=&#8220;#ffffff&#8220; header_3_font_size=&#8220;24px&#8220; header_3_font_size_tablet=&#8220;16px&#8220; header_3_font_size_phone=&#8220;14px&#8220; header_3_font_size_last_edited=&#8220;on|phone&#8220; header_3_letter_spacing=&#8220;10px&#8220; header_3_letter_spacing_tablet=&#8220;5px&#8220; header_3_letter_spacing_last_edited=&#8220;on|tablet&#8220; header_3_line_height=&#8220;2em&#8220; text_orientation=&#8220;center&#8220; background_layout=&#8220;dark&#8220; module_alignment=&#8220;center&#8220; custom_margin=&#8220;||70px|||&#8220;]<\/p>\n<h3><span style=\"font-size: small;\">informace<\/span><\/h3>\n<h1 class=\"entry-title td-page-title\"><span>Pro jazykov\u00e9 \u0161koly<\/span><\/h1>\n<h1 class=\"entry-title td-page-title\"><span>a u\u010ditele jazyk\u016f<\/span><\/h1>\n[\/et_pb_text][et_pb_button button_url=&#8220;#posts&#8220; button_text=&#8220;\u010c\u00edst v\u00edc&#8220; button_alignment=&#8220;center&#8220; _builder_version=&#8220;3.22.2&#8243; custom_button=&#8220;on&#8220; button_text_size=&#8220;16px&#8220; button_bg_color_gradient_start=&#8220;#ffffff&#8220; button_bg_color_gradient_end=&#8220;#166b69&#8243; button_border_radius=&#8220;100px&#8220; button_letter_spacing=&#8220;2px&#8220; button_font=&#8220;Roboto|700||on|||||&#8220; button_icon=&#8220;%%20%%&#8220; button_icon_color=&#8220;#ffffff&#8220; background_layout=&#8220;dark&#8220; custom_margin=&#8220;|||&#8220; custom_padding=&#8220;17px|50px|17px|50px&#8220;][\/et_pb_button][\/et_pb_column][\/et_pb_row][\/et_pb_section][et_pb_section fb_built=&#8220;1&#8243; admin_label=&#8220;Contact&#8220; module_id=&#8220;posts&#8220; _builder_version=&#8220;3.22.2&#8243; background_color=&#8220;#F2F2FA&#8220; custom_padding=&#8220;80px||80px||true|false&#8220; saved_tabs=&#8220;all&#8220;][et_pb_row _builder_version=&#8220;3.22&#8243; custom_width_px=&#8220;924px&#8220;][et_pb_column type=&#8220;2_3&#8243; _builder_version=&#8220;3.3.1&#8243;][et_pb_text _builder_version=&#8220;3.22.2&#8243; custom_margin=&#8220;||-1px|||&#8220;]<\/p>\n<h4><strong>Nejnov\u011bj\u0161\u00ed p\u0159\u00edsp\u011bvky<\/strong><\/h4>\n[\/et_pb_text][et_pb_blog fullwidth=&#8220;off&#8220; posts_number=&#8220;4&#8243; include_categories=&#8220;58&#8243; meta_date=&#8220;j. M Y&#8220; show_more=&#8220;on&#8220; show_author=&#8220;off&#8220; show_pagination=&#8220;off&#8220; _builder_version=&#8220;3.22.2&#8243; header_level=&#8220;h4&#8243; header_font=&#8220;Roboto|700|||||||&#8220; header_font_size=&#8220;18px&#8220; header_line_height=&#8220;1.7em&#8220; body_font=&#8220;||||||||&#8220; body_font_size=&#8220;14px&#8220; body_line_height=&#8220;1.8em&#8220; pagination_font=&#8220;Roboto|700|||||||&#8220; pagination_text_color=&#8220;#8624e1&#8243; pagination_font_size=&#8220;20px&#8220; border_radii=&#8220;on|10px|10px|10px|10px&#8220; border_width_all=&#8220;0px&#8220; box_shadow_style=&#8220;preset1&#8243; box_shadow_blur=&#8220;70px&#8220; box_shadow_color=&#8220;rgba(110,130,208,0.18)&#8220; custom_padding=&#8220;20px||20px||true|true&#8220;][\/et_pb_blog][\/et_pb_column][et_pb_column type=&#8220;1_3&#8243; _builder_version=&#8220;3.3.1&#8243;][et_pb_image src=&#8220;https:\/\/www.onlinejazyky.cz\/info\/wp-content\/uploads\/2019\/07\/logo_oj.png&#8220; align=&#8220;center&#8220; _builder_version=&#8220;3.22.2&#8243; max_width=&#8220;63%&#8220; module_alignment=&#8220;center&#8220; custom_margin=&#8220;42px||55px|||&#8220;][\/et_pb_image][et_pb_divider color=&#8220;#a8a8a8&#8243; divider_style=&#8220;dashed&#8220; divider_weight=&#8220;1px&#8220; _builder_version=&#8220;3.22.2&#8243; width=&#8220;80%&#8220; module_alignment=&#8220;center&#8220; custom_margin=&#8220;||2px|||&#8220; custom_padding=&#8220;||28px|||&#8220;][\/et_pb_divider][et_pb_text _builder_version=&#8220;3.22.2&#8243; custom_margin=&#8220;||16px|||&#8220;]<\/p>\n<h4 style=\"text-align: center;\"><strong>Kontakt<\/strong><\/h4>\n[\/et_pb_text][et_pb_text _builder_version=&#8220;3.22.2&#8243; text_font=&#8220;||||||||&#8220; text_font_size=&#8220;16px&#8220; text_line_height=&#8220;2em&#8220; ul_font=&#8220;||||||||&#8220; header_font=&#8220;||||||||&#8220; header_2_font=&#8220;Roboto|700|||||||&#8220; header_2_font_size=&#8220;45px&#8220; header_2_font_size_tablet=&#8220;35px&#8220; header_2_font_size_phone=&#8220;28px&#8220; header_2_font_size_last_edited=&#8220;on|phone&#8220; header_2_line_height=&#8220;1.2em&#8220; header_3_font=&#8220;||||||||&#8220; text_orientation=&#8220;center&#8220; max_width=&#8220;800px&#8220; max_width_last_edited=&#8220;off|desktop&#8220; module_alignment=&#8220;center&#8220; custom_margin=&#8220;|||&#8220; custom_padding=&#8220;||2px|||&#8220;]<\/p>\n<p><strong>Email:<\/strong><br \/>lenka.mareckova@onlinejazyky.cz<\/p>\n<p><strong>Telefon<\/strong><br \/>+420 775 060 017<\/p>\n[\/et_pb_text][et_pb_divider color=&#8220;#a8a8a8&#8243; divider_style=&#8220;dashed&#8220; divider_weight=&#8220;1px&#8220; _builder_version=&#8220;3.22.2&#8243; width=&#8220;80%&#8220; module_alignment=&#8220;center&#8220;][\/et_pb_divider][et_pb_text _builder_version=&#8220;3.22.2&#8243; custom_margin=&#8220;||16px|||&#8220;]<\/p>\n<h4 style=\"text-align: center;\"><strong>U\u017eite\u010dn\u00e9 odkazy<\/strong><\/h4>\n[\/et_pb_text][et_pb_text _builder_version=&#8220;3.22.2&#8243;]<\/p>\n<p style=\"text-align: center;\"><a href=\"#\">Domovsk\u00e1 str\u00e1nka pro jazykov\u00e9 \u0161koly<\/a><\/p>\n[\/et_pb_text][et_pb_text _builder_version=&#8220;3.22.2&#8243;]<\/p>\n<p style=\"text-align: center;\"><a href=\"#\">Formy spolupr\u00e1ce s jazykov\u00fdmi \u0161kolami<\/a><\/p>\n[\/et_pb_text][\/et_pb_column][\/et_pb_row][\/et_pb_section][et_pb_section fb_built=&#8220;1&#8243; _builder_version=&#8220;3.22&#8243; custom_padding=&#8220;54px|0px|38px|0px|false|false&#8220;][et_pb_row _builder_version=&#8220;3.22&#8243;][et_pb_column type=&#8220;4_4&#8243; _builder_version=&#8220;3.0.47&#8243;][et_pb_text _builder_version=&#8220;3.3.1&#8243; text_font=&#8220;||||||||&#8220; text_font_size=&#8220;16px&#8220; text_line_height=&#8220;2em&#8220; ul_font=&#8220;||||||||&#8220; header_font=&#8220;||||||||&#8220; header_2_font=&#8220;Roboto|700|||||||&#8220; header_2_font_size=&#8220;45px&#8220; header_2_font_size_tablet=&#8220;35px&#8220; header_2_font_size_phone=&#8220;28px&#8220; header_2_font_size_last_edited=&#8220;on|phone&#8220; header_2_line_height=&#8220;1.2em&#8220; header_3_font=&#8220;||||||||&#8220; text_orientation=&#8220;center&#8220; max_width=&#8220;800px&#8220; max_width_last_edited=&#8220;off|desktop&#8220; module_alignment=&#8220;center&#8220; custom_margin=&#8220;|||&#8220; custom_padding=&#8220;||2px|||&#8220;]<\/p>\n<h2>Online <span style=\"color: #0095da;\">v\u00fdukov\u00e9 kurzy<\/span>\u00a0pro \u0161koly<\/h2>\n<p><span style=\"font-size: 16px;\">Jsme p\u0159edn\u00edm dodavatelem jazykov\u00fdch e-learningov\u00fdch kurz\u016f <br \/>a preferovan\u00fdm partnerem \u010desk\u00fdch jazykov\u00fdch \u0161kol a u\u010ditel\u016f jazyk\u016f. <\/span><\/p>\n[\/et_pb_text][\/et_pb_column][\/et_pb_row][\/et_pb_section][et_pb_section fb_built=&#8220;1&#8243; custom_padding_last_edited=&#8220;on|phone&#8220; admin_label=&#8220;Testimonials&#8220; _builder_version=&#8220;3.22.2&#8243; background_color=&#8220;#F2F2FA&#8220; use_background_color_gradient=&#8220;on&#8220; background_color_gradient_start=&#8220;#ffffff&#8220; background_color_gradient_end=&#8220;#F2F2FA&#8220; background_color_gradient_end_position=&#8220;50%&#8220; background_size=&#8220;initial&#8220; custom_padding=&#8220;0px|||||&#8220; custom_padding_tablet=&#8220;5%||5%||true&#8220; custom_padding_phone=&#8220;|||&#8220; bottom_divider_height=&#8220;200px&#8220; bottom_divider_flip=&#8220;horizontal&#8220;][et_pb_row _builder_version=&#8220;3.22.2&#8243;][et_pb_column type=&#8220;1_3&#8243; _builder_version=&#8220;3.22.2&#8243;][et_pb_blurb title=&#8220;Je\u0161t\u011b s n\u00e1mi nespolupracujte?&#8220; use_icon=&#8220;on&#8220; font_icon=&#8220;%%164%%&#8220; icon_color=&#8220;#adadad&#8220; icon_placement=&#8220;left&#8220; use_icon_font_size=&#8220;on&#8220; icon_font_size=&#8220;50px&#8220; _builder_version=&#8220;3.22.2&#8243; header_font=&#8220;||||||||&#8220; header_line_height=&#8220;1.5em&#8220; custom_margin=&#8220;49px|||||&#8220; custom_padding=&#8220;|0px||||&#8220;]<\/p>\n<p><span>Jsme spolehliv\u00fdm a vyhled\u00e1van\u00fdm e-learningov\u00fdm partnerem jazykov\u00fdch \u0161kol. R\u00e1di spoluprac\u00ed nadchneme i v\u00e1s. Zavolejte n\u00e1m na <\/span><strong>775 060 017<\/strong><span> nebo napi\u0161te na <\/span><a href=\"mailto:lenka.mareckova@onlinejazyky.cz\">lenka.mareckova@onlinejazyky.cz<\/a><\/p>\n[\/et_pb_blurb][\/et_pb_column][et_pb_column type=&#8220;1_3&#8243; _builder_version=&#8220;3.22.2&#8243;][et_pb_image src=&#8220;https:\/\/www.onlinejazyky.cz\/info\/wp-content\/uploads\/2019\/05\/OJ_lang-box-predplatne-FJ-300&#215;244.png&#8220; _builder_version=&#8220;3.22.2&#8243;][\/et_pb_image][et_pb_button button_text=&#8220;Vybrat kurz&#8220; button_alignment=&#8220;center&#8220; _builder_version=&#8220;3.22.2&#8243; custom_button=&#8220;on&#8220; button_text_size=&#8220;14px&#8220; button_text_color=&#8220;#b5b5b5&#8243; button_bg_color=&#8220;#ffffff&#8220; button_bg_color_gradient_start=&#8220;#f7828e&#8220; button_bg_color_gradient_end=&#8220;#fcb6ab&#8220; button_bg_color_gradient_direction=&#8220;90deg&#8220; button_border_width=&#8220;0px&#8220; button_border_color=&#8220;rgba(0,0,0,0)&#8220; button_border_radius=&#8220;4px&#8220; button_letter_spacing=&#8220;5px&#8220; button_font=&#8220;Roboto|700||on|||||&#8220; button_use_icon=&#8220;off&#8220; box_shadow_style=&#8220;preset1&#8243; box_shadow_blur=&#8220;30px&#8220; box_shadow_color=&#8220;rgba(110,130,208,0.14)&#8220; custom_margin=&#8220;-10px|||&#8220; custom_padding=&#8220;10px|20px|10px|20px|true|true&#8220; animation_style=&#8220;zoom&#8220; animation_intensity_zoom=&#8220;8%&#8220; button_text_color_hover=&#8220;#7a69e6&#8243; button_letter_spacing_hover=&#8220;8px&#8220; locked=&#8220;off&#8220; button_text_size__hover_enabled=&#8220;off&#8220; button_one_text_size__hover_enabled=&#8220;off&#8220; button_two_text_size__hover_enabled=&#8220;off&#8220; button_text_color__hover_enabled=&#8220;on&#8220; button_text_color__hover=&#8220;#0095da&#8220; button_one_text_color__hover_enabled=&#8220;off&#8220; button_two_text_color__hover_enabled=&#8220;off&#8220; button_border_width__hover_enabled=&#8220;off&#8220; button_one_border_width__hover_enabled=&#8220;off&#8220; button_two_border_width__hover_enabled=&#8220;off&#8220; button_border_color__hover_enabled=&#8220;off&#8220; button_one_border_color__hover_enabled=&#8220;off&#8220; button_two_border_color__hover_enabled=&#8220;off&#8220; button_border_radius__hover_enabled=&#8220;off&#8220; button_one_border_radius__hover_enabled=&#8220;off&#8220; button_two_border_radius__hover_enabled=&#8220;off&#8220; button_letter_spacing__hover_enabled=&#8220;on&#8220; button_letter_spacing__hover=&#8220;8px&#8220; button_one_letter_spacing__hover_enabled=&#8220;off&#8220; button_two_letter_spacing__hover_enabled=&#8220;off&#8220; button_bg_color__hover_enabled=&#8220;on&#8220; button_one_bg_color__hover_enabled=&#8220;off&#8220; button_two_bg_color__hover_enabled=&#8220;off&#8220; button_bg_color__hover=&#8220;#ffffff&#8220;][\/et_pb_button][\/et_pb_column][et_pb_column type=&#8220;1_3&#8243; _builder_version=&#8220;3.22.2&#8243;][et_pb_blurb title=&#8220;Nahl\u00e9dn\u011bte do na\u0161ich kurz\u016f&#8220; use_icon=&#8220;on&#8220; font_icon=&#8220;%%127%%&#8220; icon_color=&#8220;rgba(51,51,51,0.5)&#8220; icon_placement=&#8220;left&#8220; use_icon_font_size=&#8220;on&#8220; icon_font_size=&#8220;46px&#8220; _builder_version=&#8220;3.22.2&#8243; header_font=&#8220;||||||||&#8220; header_line_height=&#8220;1.5em&#8220; custom_margin=&#8220;51px|||||&#8220;]<\/p>\n<p><span>Spojte se n\u00e1mi a aktivujeme v\u00e1m jak\u00fdkoli z na\u0161ich v\u00edce ne\u017e 90\u00a0jazykov\u00fdch kurz\u016f. Z\u00edsk\u00e1te p\u0159edstavu, jak my vn\u00edm\u00e1me kvalitn\u00ed e-learning.<\/span><\/p>\n[\/et_pb_blurb][\/et_pb_column][\/et_pb_row][\/et_pb_section][et_pb_section fb_built=&#8220;1&#8243; custom_padding_last_edited=&#8220;on|desktop&#8220; prev_background_color=&#8220;#F2F2FA&#8220; admin_label=&#8220;Call to action&#8220; _builder_version=&#8220;3.22.2&#8243; use_background_color_gradient=&#8220;on&#8220; background_color_gradient_start=&#8220;#0095da&#8220; background_color_gradient_end=&#8220;#02bfff&#8220; background_color_gradient_direction=&#8220;130deg&#8220; background_color_gradient_start_position=&#8220;25%&#8220; background_image=&#8220;https:\/\/www.onlinejazyky.cz\/info\/wp-content\/uploads\/2019\/05\/bg_footer.png&#8220; parallax=&#8220;on&#8220; custom_padding=&#8220;16vw||7vw||false|false&#8220; custom_padding_tablet=&#8220;100px||100px||true&#8220; custom_padding_phone=&#8220;||||true&#8220; top_divider_style=&#8220;ramp2&#8243; top_divider_height=&#8220;250px&#8220; top_divider_flip=&#8220;vertical&#8220; top_divider_height_tablet=&#8220;150px&#8220; top_divider_height_phone=&#8220;110px&#8220; top_divider_height_last_edited=&#8220;on|phone&#8220; saved_tabs=&#8220;all&#8220; global_module=&#8220;208678&#8243;][et_pb_row custom_padding=&#8220;|||&#8220; module_class=&#8220; et_pb_row_fullwidth&#8220; _builder_version=&#8220;3.22&#8243; width=&#8220;89%&#8220; width_tablet=&#8220;80%&#8220; width_last_edited=&#8220;on|desktop&#8220; max_width=&#8220;89%&#8220; max_width_tablet=&#8220;80%&#8220; max_width_last_edited=&#8220;on|desktop&#8220; custom_margin_phone=&#8220;|||&#8220; custom_margin_last_edited=&#8220;off|desktop&#8220; make_fullwidth=&#8220;on&#8220;][et_pb_column type=&#8220;4_4&#8243; _builder_version=&#8220;3.0.47&#8243;][et_pb_text _builder_version=&#8220;3.3.1&#8243; text_font=&#8220;||||||||&#8220; text_font_size_last_edited=&#8220;off|desktop&#8220; header_font=&#8220;||||||||&#8220; header_2_font=&#8220;Roboto|700|||||||&#8220; header_2_font_size=&#8220;50px&#8220; header_2_font_size_tablet=&#8220;40px&#8220; header_2_font_size_phone=&#8220;32px&#8220; header_2_font_size_last_edited=&#8220;on|desktop&#8220; header_2_line_height=&#8220;1.4em&#8220; header_3_font=&#8220;Roboto|700||on|||||&#8220; header_3_text_align=&#8220;center&#8220; header_3_text_color=&#8220;#ffffff&#8220; header_3_font_size=&#8220;24px&#8220; header_3_font_size_tablet=&#8220;16px&#8220; header_3_font_size_phone=&#8220;14px&#8220; header_3_font_size_last_edited=&#8220;on|phone&#8220; header_3_letter_spacing=&#8220;5px&#8220; header_3_line_height=&#8220;2em&#8220; text_orientation=&#8220;center&#8220; background_layout=&#8220;dark&#8220; max_width=&#8220;850px&#8220; module_alignment=&#8220;center&#8220; custom_margin=&#8220;|||&#8220; custom_padding=&#8220;|||&#8220;]<\/p>\n<h3><span style=\"font-size: small;\">nau\u010dte se kone\u010dn\u011b ciz\u00ed jazyk<\/span><\/h3>\n<h2>Sta\u010d\u00ed 20 minut denn\u011b <br \/>a studovat m\u016f\u017eete kdekoliv.<\/h2>\n[\/et_pb_text][\/et_pb_column][\/et_pb_row][et_pb_row _builder_version=&#8220;3.22.2&#8243;][et_pb_column type=&#8220;1_2&#8243; _builder_version=&#8220;3.22.2&#8243;][et_pb_image src=&#8220;https:\/\/www.onlinejazyky.cz\/info\/wp-content\/uploads\/2019\/05\/apple.png&#8220; url=&#8220;https:\/\/apps.apple.com\/sk\/app\/online-jazyky-nau\u010d%C3%AD-v\u00e1s-v%C3%ADc\/id1414565168&#8243; url_new_window=&#8220;on&#8220; align=&#8220;right&#8220; _builder_version=&#8220;3.22.2&#8243;][\/et_pb_image][\/et_pb_column][et_pb_column type=&#8220;1_2&#8243; _builder_version=&#8220;3.22.2&#8243;][et_pb_image src=&#8220;https:\/\/www.onlinejazyky.cz\/info\/wp-content\/uploads\/2019\/05\/google.png&#8220; url=&#8220;https:\/\/play.google.com\/store\/apps\/details?id=cz.onlinejazyky.app&#8220; _builder_version=&#8220;3.22.2&#8243;][\/et_pb_image][\/et_pb_column][\/et_pb_row][et_pb_row _builder_version=&#8220;3.22&#8243;][et_pb_column type=&#8220;4_4&#8243; _builder_version=&#8220;3.0.47&#8243;][et_pb_social_media_follow _builder_version=&#8220;3.22.2&#8243; border_radii=&#8220;on|34px|34px|34px|34px&#8220; text_orientation=&#8220;center&#8220;][et_pb_social_media_follow_network social_network=&#8220;facebook&#8220; url=&#8220;https:\/\/facebook.com\/onlinejazyky&#8220; _builder_version=&#8220;3.22.2&#8243; background_color=&#8220;#0095da&#8220; follow_button=&#8220;off&#8220; url_new_window=&#8220;on&#8220;]facebook[\/et_pb_social_media_follow_network][et_pb_social_media_follow_network social_network=&#8220;twitter&#8220; url=&#8220;https:\/\/twitter.com\/onlinejazyky&#8220; _builder_version=&#8220;3.22.2&#8243; background_color=&#8220;#0095da&#8220; follow_button=&#8220;off&#8220; url_new_window=&#8220;on&#8220;]twitter[\/et_pb_social_media_follow_network][et_pb_social_media_follow_network social_network=&#8220;instagram&#8220; url=&#8220;https:\/\/instagram.com\/onlinejazyky&#8220; _builder_version=&#8220;3.22.2&#8243; background_color=&#8220;#0095da&#8220; follow_button=&#8220;off&#8220; url_new_window=&#8220;on&#8220;]instagram[\/et_pb_social_media_follow_network][et_pb_social_media_follow_network social_network=&#8220;youtube&#8220; url=&#8220;https:\/\/www.youtube.com\/channel\/UCQ2w7jcN1V11PmHzHD-XImg&#8220; _builder_version=&#8220;3.22.2&#8243; background_color=&#8220;#0095da&#8220; follow_button=&#8220;off&#8220; url_new_window=&#8220;on&#8220;]youtube[\/et_pb_social_media_follow_network][\/et_pb_social_media_follow][\/et_pb_column][\/et_pb_row][\/et_pb_section]<\/p>\n","protected":false},"excerpt":{"rendered":"<p>[et_pb_section fb_built=&#8220;1&#8243; custom_padding_last_edited=&#8220;on|desktop&#8220; next_background_color=&#8220;#F2F2FA&#8220; admin_label=&#8220;Header&#8220; _builder_version=&#8220;3.22.2&#8243; use_background_color_gradient=&#8220;on&#8220; background_color_gradient_start=&#8220;rgba(0,149,218,0.82)&#8220; background_color_gradient_end=&#8220;#0280c9&#8243; background_color_gradient_direction=&#8220;130deg&#8220; background_color_gradient_start_position=&#8220;25%&#8220; background_image=&#8220;https:\/\/www.onlinejazyky.cz\/info\/wp-content\/uploads\/2019\/05\/bg_footer.png&#8220; parallax=&#8220;on&#8220; custom_padding=&#8220;7vw||8vw||false|false&#8220; custom_padding_tablet=&#8220;100px||100px||true&#8220; custom_padding_phone=&#8220;||||true&#8220; bottom_divider_style=&#8220;ramp2&#8243; bottom_divider_height=&#8220;250px&#8220; bottom_divider_flip=&#8220;horizontal&#8220; bottom_divider_height_tablet=&#8220;150px&#8220; bottom_divider_height_phone=&#8220;110px&#8220; bottom_divider_height_last_edited=&#8220;on|phone&#8220; saved_tabs=&#8220;all&#8220;][et_pb_row _builder_version=&#8220;3.22&#8243;][et_pb_column type=&#8220;4_4&#8243; _builder_version=&#8220;3.0.47&#8243;][et_pb_text _builder_version=&#8220;3.22.2&#8243; text_font=&#8220;Roboto||||||||&#8220; text_font_size=&#8220;16px&#8220; text_font_size_last_edited=&#8220;off|desktop&#8220; text_line_height=&#8220;1.8em&#8220; header_font=&#8220;Roboto|700|||||||&#8220; header_text_align=&#8220;center&#8220; header_font_size=&#8220;80px&#8220; header_font_size_tablet=&#8220;40px&#8220; header_font_size_phone=&#8220;32px&#8220; header_font_size_last_edited=&#8220;on|phone&#8220; header_line_height=&#8220;1.2em&#8220; header_3_font=&#8220;Roboto|700||on|||||&#8220; header_3_text_align=&#8220;center&#8220; header_3_text_color=&#8220;#ffffff&#8220; header_3_font_size=&#8220;24px&#8220; header_3_font_size_tablet=&#8220;16px&#8220; header_3_font_size_phone=&#8220;14px&#8220; header_3_font_size_last_edited=&#8220;on|phone&#8220; header_3_letter_spacing=&#8220;10px&#8220; header_3_letter_spacing_tablet=&#8220;5px&#8220; header_3_letter_spacing_last_edited=&#8220;on|tablet&#8220; header_3_line_height=&#8220;2em&#8220; text_orientation=&#8220;center&#8220; background_layout=&#8220;dark&#8220; module_alignment=&#8220;center&#8220; custom_margin=&#8220;||70px|||&#8220;] informace Pro [&hellip;]<\/p>\n","protected":false},"author":1193,"featured_media":0,"parent":0,"menu_order":0,"comment_status":"closed","ping_status":"closed","template":"","meta":{"_et_pb_use_builder":"on","_et_pb_old_content":"","_et_gb_content_width":""},"yoast_head":"<!-- This site is optimized with the Yoast SEO plugin v14.9 - https:\/\/yoast.com\/wordpress\/plugins\/seo\/ -->\n<title>OJ - Pro jazykov\u00e9 \u0161koly - onlinejazyky.cz<\/title>\n<meta name=\"robots\" content=\"index, follow, max-snippet:-1, max-image-preview:large, max-video-preview:-1\" \/>\n<link rel=\"canonical\" href=\"https:\/\/www.onlinejazyky.cz\/info\/jazykove-skoly\/\" \/>\n<meta property=\"og:locale\" content=\"cs_CZ\" \/>\n<meta property=\"og:type\" content=\"article\" \/>\n<meta property=\"og:title\" content=\"OJ - Pro jazykov\u00e9 \u0161koly - onlinejazyky.cz\" \/>\n<meta property=\"og:description\" content=\"[et_pb_section fb_built=&#8220;1&#8243; custom_padding_last_edited=&#8220;on|desktop&#8220; next_background_color=&#8220;#F2F2FA&#8220; admin_label=&#8220;Header&#8220; _builder_version=&#8220;3.22.2&#8243; use_background_color_gradient=&#8220;on&#8220; background_color_gradient_start=&#8220;rgba(0,149,218,0.82)&#8220; background_color_gradient_end=&#8220;#0280c9&#8243; background_color_gradient_direction=&#8220;130deg&#8220; background_color_gradient_start_position=&#8220;25%&#8220; background_image=&#8220;https:\/\/www.onlinejazyky.cz\/info\/wp-content\/uploads\/2019\/05\/bg_footer.png&#8220; parallax=&#8220;on&#8220; custom_padding=&#8220;7vw||8vw||false|false&#8220; custom_padding_tablet=&#8220;100px||100px||true&#8220; custom_padding_phone=&#8220;||||true&#8220; bottom_divider_style=&#8220;ramp2&#8243; bottom_divider_height=&#8220;250px&#8220; bottom_divider_flip=&#8220;horizontal&#8220; bottom_divider_height_tablet=&#8220;150px&#8220; bottom_divider_height_phone=&#8220;110px&#8220; bottom_divider_height_last_edited=&#8220;on|phone&#8220; saved_tabs=&#8220;all&#8220;][et_pb_row _builder_version=&#8220;3.22&#8243;][et_pb_column type=&#8220;4_4&#8243; _builder_version=&#8220;3.0.47&#8243;][et_pb_text _builder_version=&#8220;3.22.2&#8243; text_font=&#8220;Roboto||||||||&#8220; text_font_size=&#8220;16px&#8220; text_font_size_last_edited=&#8220;off|desktop&#8220; text_line_height=&#8220;1.8em&#8220; header_font=&#8220;Roboto|700|||||||&#8220; header_text_align=&#8220;center&#8220; header_font_size=&#8220;80px&#8220; header_font_size_tablet=&#8220;40px&#8220; header_font_size_phone=&#8220;32px&#8220; header_font_size_last_edited=&#8220;on|phone&#8220; header_line_height=&#8220;1.2em&#8220; header_3_font=&#8220;Roboto|700||on|||||&#8220; header_3_text_align=&#8220;center&#8220; header_3_text_color=&#8220;#ffffff&#8220; header_3_font_size=&#8220;24px&#8220; header_3_font_size_tablet=&#8220;16px&#8220; header_3_font_size_phone=&#8220;14px&#8220; header_3_font_size_last_edited=&#8220;on|phone&#8220; header_3_letter_spacing=&#8220;10px&#8220; header_3_letter_spacing_tablet=&#8220;5px&#8220; header_3_letter_spacing_last_edited=&#8220;on|tablet&#8220; header_3_line_height=&#8220;2em&#8220; text_orientation=&#8220;center&#8220; background_layout=&#8220;dark&#8220; module_alignment=&#8220;center&#8220; custom_margin=&#8220;||70px|||&#8220;] informace Pro [&hellip;]\" \/>\n<meta property=\"og:url\" content=\"https:\/\/www.onlinejazyky.cz\/info\/jazykove-skoly\/\" \/>\n<meta property=\"og:site_name\" content=\"onlinejazyky.cz\" \/>\n<meta property=\"article:modified_time\" content=\"2020-04-13T08:51:10+00:00\" \/>\n<meta name=\"twitter:card\" content=\"summary\" \/>\n<script type=\"application\/ld+json\" class=\"yoast-schema-graph\">{\"@context\":\"https:\/\/schema.org\",\"@graph\":[{\"@type\":\"WebSite\",\"@id\":\"https:\/\/www.onlinejazyky.cz\/info\/#website\",\"url\":\"https:\/\/www.onlinejazyky.cz\/info\/\",\"name\":\"onlinejazyky.cz\",\"description\":\"\",\"potentialAction\":[{\"@type\":\"SearchAction\",\"target\":\"https:\/\/www.onlinejazyky.cz\/info\/?s={search_term_string}\",\"query-input\":\"required name=search_term_string\"}],\"inLanguage\":\"cs\"},{\"@type\":\"WebPage\",\"@id\":\"https:\/\/www.onlinejazyky.cz\/info\/jazykove-skoly\/#webpage\",\"url\":\"https:\/\/www.onlinejazyky.cz\/info\/jazykove-skoly\/\",\"name\":\"OJ - Pro jazykov\\u00e9 \\u0161koly - onlinejazyky.cz\",\"isPartOf\":{\"@id\":\"https:\/\/www.onlinejazyky.cz\/info\/#website\"},\"datePublished\":\"2019-10-26T06:23:39+00:00\",\"dateModified\":\"2020-04-13T08:51:10+00:00\",\"inLanguage\":\"cs\",\"potentialAction\":[{\"@type\":\"ReadAction\",\"target\":[\"https:\/\/www.onlinejazyky.cz\/info\/jazykove-skoly\/\"]}]}]}<\/script>\n<!-- \/ Yoast SEO plugin. -->","_links":{"self":[{"href":"https:\/\/www.onlinejazyky.cz\/info\/wp-json\/wp\/v2\/pages\/43593"}],"collection":[{"href":"https:\/\/www.onlinejazyky.cz\/info\/wp-json\/wp\/v2\/pages"}],"about":[{"href":"https:\/\/www.onlinejazyky.cz\/info\/wp-json\/wp\/v2\/types\/page"}],"author":[{"embeddable":true,"href":"https:\/\/www.onlinejazyky.cz\/info\/wp-json\/wp\/v2\/users\/1193"}],"replies":[{"embeddable":true,"href":"https:\/\/www.onlinejazyky.cz\/info\/wp-json\/wp\/v2\/comments?post=43593"}],"version-history":[{"count":36,"href":"https:\/\/www.onlinejazyky.cz\/info\/wp-json\/wp\/v2\/pages\/43593\/revisions"}],"predecessor-version":[{"id":208682,"href":"https:\/\/www.onlinejazyky.cz\/info\/wp-json\/wp\/v2\/pages\/43593\/revisions\/208682"}],"wp:attachment":[{"href":"https:\/\/www.onlinejazyky.cz\/info\/wp-json\/wp\/v2\/media?parent=43593"}],"curies":[{"name":"wp","href":"https:\/\/api.w.org\/{rel}","templated":true}]}}